{"id":714,"date":"2018-03-21T13:58:05","date_gmt":"2018-03-21T11:58:05","guid":{"rendered":"https:\/\/www.vestelli.fi\/?page_id=714"},"modified":"2018-04-25T14:56:58","modified_gmt":"2018-04-25T11:56:58","slug":"privacy-policy","status":"publish","type":"page","link":"https:\/\/www.vestelli.fi\/en\/privacy-policy\/","title":{"rendered":"Privacy policy"},"content":{"rendered":"<h2>PRIVACY POLICY IN ACCORDANCE WITH SECTION 10 OF THE PERSONAL DATA ACT (523\/1999)<\/h2>\n<h3>1. Controller of the register<\/h3>\n<p>J\u00e4tevesiliike\u00a0Vestelli\u00a0Oy<br \/>\nAleksanterinkatu\u00a029\u00a0A\u00a07<br \/>\n33100\u00a0Tampere<br \/>\n010\u00a0232\u00a07220<\/p>\n<h3>2. Company handling register-related issues:<\/h3>\n<p><a href=\"https:\/\/betta.fi\/\">Betta Digital Oy<\/a><br \/>\nLinnankatu 61, 20100 Turku<br \/>\n050 327 0706<\/p>\n<h3>3. Name of the register<\/h3>\n<p>J\u00e4tevesiliike\u00a0Vestelli\u00a0Oy\u2019s customer register<\/p>\n<h3>4. Purpose for processing personal data<\/h3>\n<p>The register is used, if necessary and with the customer\u2019s consent, for the following procedures:<\/p>\n<ul>\n<li>customer relationship management<\/li>\n<li>customer and direct marketing<\/li>\n<li>surveys<\/li>\n<\/ul>\n<p>The customer has the right to separately deny the disclosure and use of his\/her data in the procedures of this register.<\/p>\n<h3>5. Description of the group of data subjects and the data content of the register<\/h3>\n<p>The register includes:<\/p>\n<ul>\n<li>name<\/li>\n<li>email address<\/li>\n<li>phone number<\/li>\n<li>registration date<\/li>\n<li>messages<\/li>\n<li>calendar entries for call times<\/li>\n<li>any refusal made by the customer concerning the disclosure and processing of his\/her personal data for direct advertising, remote sales and other direct marketing.<\/li>\n<\/ul>\n<h3>6. Regular data sources and accuracy of data<\/h3>\n<p>The data of this register is obtained, when the customer submits his\/her contact details at https:\/\/vestelli.fi. The customer has the opportunity to remove his\/her data from the register.<\/p>\n<h3>7. Regular disclosure of data and transferring data outside the EU<\/h3>\n<p>The controller of the register shall not disclose any of the customers\u2019 personal data to third parties, and the personal data shall not be transferred outside the EU.<\/p>\n<h3>8. Data removal<\/h3>\n<p>The customer\u2019s data can be removed upon the customer&#8217;s request. In addition, J\u00e4tevesiliike Vestelli Oy has the right to remove data as a result of its own monitoring.<\/p>\n<h3>9. Protection principles of the register<\/h3>\n<p>Personal data shall be stored as confidential, and access to such data shall only be provided to relevant people. Data that has been manually collected shall be transferred in digital format to the customer database over an encrypted connection.<\/p>\n<p>The digital customer database is protected with firewalls.<\/p>\n","protected":false},"excerpt":{"rendered":"<p>PRIVACY POLICY IN ACCORDANCE WITH SECTION 10 OF THE PERSONAL DATA ACT (523\/1999) 1. Controller of the register J\u00e4tevesiliike\u00a0Vestelli\u00a0Oy Aleksanterinkatu\u00a029\u00a0A\u00a07 33100\u00a0Tampere 010\u00a0232\u00a07220 2. Company handling register-related issues: Betta Digital Oy Linnankatu 61, 20100 Turku 050 327 0706 3. Name of the register J\u00e4tevesiliike\u00a0Vestelli\u00a0Oy\u2019s customer register 4. Purpose for processing personal data The register is used, [&hellip;]<\/p>\n","protected":false},"author":3,"featured_media":0,"parent":0,"menu_order":0,"comment_status":"closed","ping_status":"closed","template":"","meta":{"_acf_changed":false,"footnotes":""},"class_list":["post-714","page","type-page","status-publish","hentry"],"acf":[],"yoast_head":"<!-- This site is optimized with the Yoast SEO plugin v27.5 - https:\/\/yoast.com\/product\/yoast-seo-wordpress\/ -->\n<title>Privacy policy | Vestelli.fi<\/title>\n<meta name=\"robots\" content=\"index, follow, max-snippet:-1, max-image-preview:large, max-video-preview:-1\" \/>\n<link rel=\"canonical\" href=\"https:\/\/www.vestelli.fi\/en\/privacy-policy\/\" \/>\n<meta property=\"og:locale\" content=\"en_US\" \/>\n<meta property=\"og:type\" content=\"article\" \/>\n<meta property=\"og:title\" content=\"Privacy policy | Vestelli.fi\" \/>\n<meta property=\"og:description\" content=\"PRIVACY POLICY IN ACCORDANCE WITH SECTION 10 OF THE PERSONAL DATA ACT (523\/1999) 1. Controller of the register J\u00e4tevesiliike\u00a0Vestelli\u00a0Oy Aleksanterinkatu\u00a029\u00a0A\u00a07 33100\u00a0Tampere 010\u00a0232\u00a07220 2. Company handling register-related issues: Betta Digital Oy Linnankatu 61, 20100 Turku 050 327 0706 3. Name of the register J\u00e4tevesiliike\u00a0Vestelli\u00a0Oy\u2019s customer register 4. Purpose for processing personal data The register is used, [&hellip;]\" \/>\n<meta property=\"og:url\" content=\"https:\/\/www.vestelli.fi\/en\/privacy-policy\/\" \/>\n<meta property=\"og:site_name\" content=\"Vestelli.fi\" \/>\n<meta property=\"article:modified_time\" content=\"2018-04-25T11:56:58+00:00\" \/>\n<meta name=\"twitter:card\" content=\"summary_large_image\" \/>\n<meta name=\"twitter:label1\" content=\"Est. reading time\" \/>\n\t<meta name=\"twitter:data1\" content=\"2 minutes\" \/>\n<script type=\"application\/ld+json\" class=\"yoast-schema-graph\">{\"@context\":\"https:\\\/\\\/schema.org\",\"@graph\":[{\"@type\":\"WebPage\",\"@id\":\"https:\\\/\\\/www.vestelli.fi\\\/en\\\/privacy-policy\\\/\",\"url\":\"https:\\\/\\\/www.vestelli.fi\\\/en\\\/privacy-policy\\\/\",\"name\":\"Privacy policy | Vestelli.fi\",\"isPartOf\":{\"@id\":\"https:\\\/\\\/www.vestelli.fi\\\/#website\"},\"datePublished\":\"2018-03-21T11:58:05+00:00\",\"dateModified\":\"2018-04-25T11:56:58+00:00\",\"breadcrumb\":{\"@id\":\"https:\\\/\\\/www.vestelli.fi\\\/en\\\/privacy-policy\\\/#breadcrumb\"},\"inLanguage\":\"en-US\",\"potentialAction\":[{\"@type\":\"ReadAction\",\"target\":[\"https:\\\/\\\/www.vestelli.fi\\\/en\\\/privacy-policy\\\/\"]}]},{\"@type\":\"BreadcrumbList\",\"@id\":\"https:\\\/\\\/www.vestelli.fi\\\/en\\\/privacy-policy\\\/#breadcrumb\",\"itemListElement\":[{\"@type\":\"ListItem\",\"position\":1,\"name\":\"Home\",\"item\":\"https:\\\/\\\/www.vestelli.fi\\\/en\\\/\"},{\"@type\":\"ListItem\",\"position\":2,\"name\":\"Privacy policy\"}]},{\"@type\":\"WebSite\",\"@id\":\"https:\\\/\\\/www.vestelli.fi\\\/#website\",\"url\":\"https:\\\/\\\/www.vestelli.fi\\\/\",\"name\":\"Vestelli.fi\",\"description\":\"Puhtaiden vesien puolesta \u2013 tehokkaat j\u00e4tevesij\u00e4rjestelm\u00e4t\",\"publisher\":{\"@id\":\"https:\\\/\\\/www.vestelli.fi\\\/#organization\"},\"potentialAction\":[{\"@type\":\"SearchAction\",\"target\":{\"@type\":\"EntryPoint\",\"urlTemplate\":\"https:\\\/\\\/www.vestelli.fi\\\/?s={search_term_string}\"},\"query-input\":{\"@type\":\"PropertyValueSpecification\",\"valueRequired\":true,\"valueName\":\"search_term_string\"}}],\"inLanguage\":\"en-US\"},{\"@type\":\"Organization\",\"@id\":\"https:\\\/\\\/www.vestelli.fi\\\/#organization\",\"name\":\"Vestelli Oy\",\"url\":\"https:\\\/\\\/www.vestelli.fi\\\/\",\"logo\":{\"@type\":\"ImageObject\",\"inLanguage\":\"en-US\",\"@id\":\"https:\\\/\\\/www.vestelli.fi\\\/#\\\/schema\\\/logo\\\/image\\\/\",\"url\":\"https:\\\/\\\/www.vestelli.fi\\\/wp-content\\\/uploads\\\/2018\\\/05\\\/vestelli_logo-e1577697076704.png\",\"contentUrl\":\"https:\\\/\\\/www.vestelli.fi\\\/wp-content\\\/uploads\\\/2018\\\/05\\\/vestelli_logo-e1577697076704.png\",\"width\":200,\"height\":72,\"caption\":\"Vestelli Oy\"},\"image\":{\"@id\":\"https:\\\/\\\/www.vestelli.fi\\\/#\\\/schema\\\/logo\\\/image\\\/\"}}]}<\/script>\n<!-- \/ Yoast SEO plugin. -->","yoast_head_json":{"title":"Privacy policy | Vestelli.fi","robots":{"index":"index","follow":"follow","max-snippet":"max-snippet:-1","max-image-preview":"max-image-preview:large","max-video-preview":"max-video-preview:-1"},"canonical":"https:\/\/www.vestelli.fi\/en\/privacy-policy\/","og_locale":"en_US","og_type":"article","og_title":"Privacy policy | Vestelli.fi","og_description":"PRIVACY POLICY IN ACCORDANCE WITH SECTION 10 OF THE PERSONAL DATA ACT (523\/1999) 1. Controller of the register J\u00e4tevesiliike\u00a0Vestelli\u00a0Oy Aleksanterinkatu\u00a029\u00a0A\u00a07 33100\u00a0Tampere 010\u00a0232\u00a07220 2. Company handling register-related issues: Betta Digital Oy Linnankatu 61, 20100 Turku 050 327 0706 3. Name of the register J\u00e4tevesiliike\u00a0Vestelli\u00a0Oy\u2019s customer register 4. Purpose for processing personal data The register is used, [&hellip;]","og_url":"https:\/\/www.vestelli.fi\/en\/privacy-policy\/","og_site_name":"Vestelli.fi","article_modified_time":"2018-04-25T11:56:58+00:00","twitter_card":"summary_large_image","twitter_misc":{"Est. reading time":"2 minutes"},"schema":{"@context":"https:\/\/schema.org","@graph":[{"@type":"WebPage","@id":"https:\/\/www.vestelli.fi\/en\/privacy-policy\/","url":"https:\/\/www.vestelli.fi\/en\/privacy-policy\/","name":"Privacy policy | Vestelli.fi","isPartOf":{"@id":"https:\/\/www.vestelli.fi\/#website"},"datePublished":"2018-03-21T11:58:05+00:00","dateModified":"2018-04-25T11:56:58+00:00","breadcrumb":{"@id":"https:\/\/www.vestelli.fi\/en\/privacy-policy\/#breadcrumb"},"inLanguage":"en-US","potentialAction":[{"@type":"ReadAction","target":["https:\/\/www.vestelli.fi\/en\/privacy-policy\/"]}]},{"@type":"BreadcrumbList","@id":"https:\/\/www.vestelli.fi\/en\/privacy-policy\/#breadcrumb","itemListElement":[{"@type":"ListItem","position":1,"name":"Home","item":"https:\/\/www.vestelli.fi\/en\/"},{"@type":"ListItem","position":2,"name":"Privacy policy"}]},{"@type":"WebSite","@id":"https:\/\/www.vestelli.fi\/#website","url":"https:\/\/www.vestelli.fi\/","name":"Vestelli.fi","description":"Puhtaiden vesien puolesta \u2013 tehokkaat j\u00e4tevesij\u00e4rjestelm\u00e4t","publisher":{"@id":"https:\/\/www.vestelli.fi\/#organization"},"potentialAction":[{"@type":"SearchAction","target":{"@type":"EntryPoint","urlTemplate":"https:\/\/www.vestelli.fi\/?s={search_term_string}"},"query-input":{"@type":"PropertyValueSpecification","valueRequired":true,"valueName":"search_term_string"}}],"inLanguage":"en-US"},{"@type":"Organization","@id":"https:\/\/www.vestelli.fi\/#organization","name":"Vestelli Oy","url":"https:\/\/www.vestelli.fi\/","logo":{"@type":"ImageObject","inLanguage":"en-US","@id":"https:\/\/www.vestelli.fi\/#\/schema\/logo\/image\/","url":"https:\/\/www.vestelli.fi\/wp-content\/uploads\/2018\/05\/vestelli_logo-e1577697076704.png","contentUrl":"https:\/\/www.vestelli.fi\/wp-content\/uploads\/2018\/05\/vestelli_logo-e1577697076704.png","width":200,"height":72,"caption":"Vestelli Oy"},"image":{"@id":"https:\/\/www.vestelli.fi\/#\/schema\/logo\/image\/"}}]}},"_links":{"self":[{"href":"https:\/\/www.vestelli.fi\/en\/wp-json\/wp\/v2\/pages\/714","targetHints":{"allow":["GET"]}}],"collection":[{"href":"https:\/\/www.vestelli.fi\/en\/wp-json\/wp\/v2\/pages"}],"about":[{"href":"https:\/\/www.vestelli.fi\/en\/wp-json\/wp\/v2\/types\/page"}],"author":[{"embeddable":true,"href":"https:\/\/www.vestelli.fi\/en\/wp-json\/wp\/v2\/users\/3"}],"replies":[{"embeddable":true,"href":"https:\/\/www.vestelli.fi\/en\/wp-json\/wp\/v2\/comments?post=714"}],"version-history":[{"count":2,"href":"https:\/\/www.vestelli.fi\/en\/wp-json\/wp\/v2\/pages\/714\/revisions"}],"predecessor-version":[{"id":957,"href":"https:\/\/www.vestelli.fi\/en\/wp-json\/wp\/v2\/pages\/714\/revisions\/957"}],"wp:attachment":[{"href":"https:\/\/www.vestelli.fi\/en\/wp-json\/wp\/v2\/media?parent=714"}],"curies":[{"name":"wp","href":"https:\/\/api.w.org\/{rel}","templated":true}]}}