{"id":722,"date":"2018-03-21T14:00:11","date_gmt":"2018-03-21T12:00:11","guid":{"rendered":"https:\/\/www.vestelli.fi\/?page_id=722"},"modified":"2018-04-25T14:46:10","modified_gmt":"2018-04-25T11:46:10","slug":"cookies","status":"publish","type":"page","link":"https:\/\/www.vestelli.fi\/en\/cookies\/","title":{"rendered":"Cookies"},"content":{"rendered":"<p><span lang=\"EN-GB\">In order to offer our users the best possible user experience on our website, we must use cookies. By continuing to our website, you accept the use of cookies. We are able to use cookies to collect data from the website concerning the user\u2019s device.<\/span><\/p>\n<p><span lang=\"EN-GB\">Cookies enable us to improve our website and the operation of our digital services. Cookies enable us to obtain information regarding the most popular pages on our website, and how users use our website. Cookies enable us to prepare visitor statistics and study the effectiveness of advertising.<\/span><\/p>\n<p><span lang=\"EN-GB\">The user may also choose to empty cookies in their browser settings. In this way, the data that has been previously collected by cookies is removed.<\/span><\/p>\n","protected":false},"excerpt":{"rendered":"<p>In order to offer our users the best possible user experience on our website, we must use cookies. By continuing to our website, you accept the use of cookies. We are able to use cookies to collect data from the website concerning the user\u2019s device. Cookies enable us to improve our website and the operation [&hellip;]<\/p>\n","protected":false},"author":3,"featured_media":0,"parent":0,"menu_order":98,"comment_status":"closed","ping_status":"closed","template":"","meta":{"_acf_changed":false,"footnotes":""},"class_list":["post-722","page","type-page","status-publish","hentry"],"acf":[],"yoast_head":"<!-- This site is optimized with the Yoast SEO plugin v27.5 - https:\/\/yoast.com\/product\/yoast-seo-wordpress\/ -->\n<title>Cookies | Vestelli.fi<\/title>\n<meta name=\"robots\" content=\"index, follow, max-snippet:-1, max-image-preview:large, max-video-preview:-1\" \/>\n<link rel=\"canonical\" href=\"https:\/\/www.vestelli.fi\/en\/cookies\/\" \/>\n<meta property=\"og:locale\" content=\"en_US\" \/>\n<meta property=\"og:type\" content=\"article\" \/>\n<meta property=\"og:title\" content=\"Cookies | Vestelli.fi\" \/>\n<meta property=\"og:description\" content=\"In order to offer our users the best possible user experience on our website, we must use cookies. By continuing to our website, you accept the use of cookies. We are able to use cookies to collect data from the website concerning the user\u2019s device. Cookies enable us to improve our website and the operation [&hellip;]\" \/>\n<meta property=\"og:url\" content=\"https:\/\/www.vestelli.fi\/en\/cookies\/\" \/>\n<meta property=\"og:site_name\" content=\"Vestelli.fi\" \/>\n<meta property=\"article:modified_time\" content=\"2018-04-25T11:46:10+00:00\" \/>\n<meta name=\"twitter:card\" content=\"summary_large_image\" \/>\n<meta name=\"twitter:label1\" content=\"Est. reading time\" \/>\n\t<meta name=\"twitter:data1\" content=\"1 minute\" \/>\n<script type=\"application\/ld+json\" class=\"yoast-schema-graph\">{\"@context\":\"https:\\\/\\\/schema.org\",\"@graph\":[{\"@type\":\"WebPage\",\"@id\":\"https:\\\/\\\/www.vestelli.fi\\\/en\\\/cookies\\\/\",\"url\":\"https:\\\/\\\/www.vestelli.fi\\\/en\\\/cookies\\\/\",\"name\":\"Cookies | Vestelli.fi\",\"isPartOf\":{\"@id\":\"https:\\\/\\\/www.vestelli.fi\\\/#website\"},\"datePublished\":\"2018-03-21T12:00:11+00:00\",\"dateModified\":\"2018-04-25T11:46:10+00:00\",\"breadcrumb\":{\"@id\":\"https:\\\/\\\/www.vestelli.fi\\\/en\\\/cookies\\\/#breadcrumb\"},\"inLanguage\":\"en-US\",\"potentialAction\":[{\"@type\":\"ReadAction\",\"target\":[\"https:\\\/\\\/www.vestelli.fi\\\/en\\\/cookies\\\/\"]}]},{\"@type\":\"BreadcrumbList\",\"@id\":\"https:\\\/\\\/www.vestelli.fi\\\/en\\\/cookies\\\/#breadcrumb\",\"itemListElement\":[{\"@type\":\"ListItem\",\"position\":1,\"name\":\"Home\",\"item\":\"https:\\\/\\\/www.vestelli.fi\\\/en\\\/\"},{\"@type\":\"ListItem\",\"position\":2,\"name\":\"Cookies\"}]},{\"@type\":\"WebSite\",\"@id\":\"https:\\\/\\\/www.vestelli.fi\\\/#website\",\"url\":\"https:\\\/\\\/www.vestelli.fi\\\/\",\"name\":\"Vestelli.fi\",\"description\":\"Puhtaiden vesien puolesta \u2013 tehokkaat j\u00e4tevesij\u00e4rjestelm\u00e4t\",\"publisher\":{\"@id\":\"https:\\\/\\\/www.vestelli.fi\\\/#organization\"},\"potentialAction\":[{\"@type\":\"SearchAction\",\"target\":{\"@type\":\"EntryPoint\",\"urlTemplate\":\"https:\\\/\\\/www.vestelli.fi\\\/?s={search_term_string}\"},\"query-input\":{\"@type\":\"PropertyValueSpecification\",\"valueRequired\":true,\"valueName\":\"search_term_string\"}}],\"inLanguage\":\"en-US\"},{\"@type\":\"Organization\",\"@id\":\"https:\\\/\\\/www.vestelli.fi\\\/#organization\",\"name\":\"Vestelli Oy\",\"url\":\"https:\\\/\\\/www.vestelli.fi\\\/\",\"logo\":{\"@type\":\"ImageObject\",\"inLanguage\":\"en-US\",\"@id\":\"https:\\\/\\\/www.vestelli.fi\\\/#\\\/schema\\\/logo\\\/image\\\/\",\"url\":\"https:\\\/\\\/www.vestelli.fi\\\/wp-content\\\/uploads\\\/2018\\\/05\\\/vestelli_logo-e1577697076704.png\",\"contentUrl\":\"https:\\\/\\\/www.vestelli.fi\\\/wp-content\\\/uploads\\\/2018\\\/05\\\/vestelli_logo-e1577697076704.png\",\"width\":200,\"height\":72,\"caption\":\"Vestelli Oy\"},\"image\":{\"@id\":\"https:\\\/\\\/www.vestelli.fi\\\/#\\\/schema\\\/logo\\\/image\\\/\"}}]}<\/script>\n<!-- \/ Yoast SEO plugin. -->","yoast_head_json":{"title":"Cookies | Vestelli.fi","robots":{"index":"index","follow":"follow","max-snippet":"max-snippet:-1","max-image-preview":"max-image-preview:large","max-video-preview":"max-video-preview:-1"},"canonical":"https:\/\/www.vestelli.fi\/en\/cookies\/","og_locale":"en_US","og_type":"article","og_title":"Cookies | Vestelli.fi","og_description":"In order to offer our users the best possible user experience on our website, we must use cookies. By continuing to our website, you accept the use of cookies. We are able to use cookies to collect data from the website concerning the user\u2019s device. Cookies enable us to improve our website and the operation [&hellip;]","og_url":"https:\/\/www.vestelli.fi\/en\/cookies\/","og_site_name":"Vestelli.fi","article_modified_time":"2018-04-25T11:46:10+00:00","twitter_card":"summary_large_image","twitter_misc":{"Est. reading time":"1 minute"},"schema":{"@context":"https:\/\/schema.org","@graph":[{"@type":"WebPage","@id":"https:\/\/www.vestelli.fi\/en\/cookies\/","url":"https:\/\/www.vestelli.fi\/en\/cookies\/","name":"Cookies | Vestelli.fi","isPartOf":{"@id":"https:\/\/www.vestelli.fi\/#website"},"datePublished":"2018-03-21T12:00:11+00:00","dateModified":"2018-04-25T11:46:10+00:00","breadcrumb":{"@id":"https:\/\/www.vestelli.fi\/en\/cookies\/#breadcrumb"},"inLanguage":"en-US","potentialAction":[{"@type":"ReadAction","target":["https:\/\/www.vestelli.fi\/en\/cookies\/"]}]},{"@type":"BreadcrumbList","@id":"https:\/\/www.vestelli.fi\/en\/cookies\/#breadcrumb","itemListElement":[{"@type":"ListItem","position":1,"name":"Home","item":"https:\/\/www.vestelli.fi\/en\/"},{"@type":"ListItem","position":2,"name":"Cookies"}]},{"@type":"WebSite","@id":"https:\/\/www.vestelli.fi\/#website","url":"https:\/\/www.vestelli.fi\/","name":"Vestelli.fi","description":"Puhtaiden vesien puolesta \u2013 tehokkaat j\u00e4tevesij\u00e4rjestelm\u00e4t","publisher":{"@id":"https:\/\/www.vestelli.fi\/#organization"},"potentialAction":[{"@type":"SearchAction","target":{"@type":"EntryPoint","urlTemplate":"https:\/\/www.vestelli.fi\/?s={search_term_string}"},"query-input":{"@type":"PropertyValueSpecification","valueRequired":true,"valueName":"search_term_string"}}],"inLanguage":"en-US"},{"@type":"Organization","@id":"https:\/\/www.vestelli.fi\/#organization","name":"Vestelli Oy","url":"https:\/\/www.vestelli.fi\/","logo":{"@type":"ImageObject","inLanguage":"en-US","@id":"https:\/\/www.vestelli.fi\/#\/schema\/logo\/image\/","url":"https:\/\/www.vestelli.fi\/wp-content\/uploads\/2018\/05\/vestelli_logo-e1577697076704.png","contentUrl":"https:\/\/www.vestelli.fi\/wp-content\/uploads\/2018\/05\/vestelli_logo-e1577697076704.png","width":200,"height":72,"caption":"Vestelli Oy"},"image":{"@id":"https:\/\/www.vestelli.fi\/#\/schema\/logo\/image\/"}}]}},"_links":{"self":[{"href":"https:\/\/www.vestelli.fi\/en\/wp-json\/wp\/v2\/pages\/722","targetHints":{"allow":["GET"]}}],"collection":[{"href":"https:\/\/www.vestelli.fi\/en\/wp-json\/wp\/v2\/pages"}],"about":[{"href":"https:\/\/www.vestelli.fi\/en\/wp-json\/wp\/v2\/types\/page"}],"author":[{"embeddable":true,"href":"https:\/\/www.vestelli.fi\/en\/wp-json\/wp\/v2\/users\/3"}],"replies":[{"embeddable":true,"href":"https:\/\/www.vestelli.fi\/en\/wp-json\/wp\/v2\/comments?post=722"}],"version-history":[{"count":2,"href":"https:\/\/www.vestelli.fi\/en\/wp-json\/wp\/v2\/pages\/722\/revisions"}],"predecessor-version":[{"id":953,"href":"https:\/\/www.vestelli.fi\/en\/wp-json\/wp\/v2\/pages\/722\/revisions\/953"}],"wp:attachment":[{"href":"https:\/\/www.vestelli.fi\/en\/wp-json\/wp\/v2\/media?parent=722"}],"curies":[{"name":"wp","href":"https:\/\/api.w.org\/{rel}","templated":true}]}}