{"id":726,"date":"2018-03-21T14:08:05","date_gmt":"2018-03-21T12:08:05","guid":{"rendered":"https:\/\/www.vestelli.fi\/?page_id=726"},"modified":"2018-04-25T14:57:34","modified_gmt":"2018-04-25T11:57:34","slug":"dataskyddsbeskrivning","status":"publish","type":"page","link":"https:\/\/www.vestelli.fi\/sv\/dataskyddsbeskrivning\/","title":{"rendered":"Dataskyddsbeskrivning"},"content":{"rendered":"<h2>REGISTERUTDRAG ENLIGT 10 \u00a7 PERSONUPPGIFTSLAGEN (523\/1999)<\/h2>\n<h3>1. Registerf\u00f6rare<\/h3>\n<p>J\u00e4tevesiliike\u00a0Vestelli\u00a0Ab<br \/>\nAleksanterinkatu\u00a029\u00a0A\u00a07<br \/>\n33100\u00a0Tammerfors<br \/>\n010\u00a0232\u00a07220<\/p>\n<h3>2. F\u00f6retag som sk\u00f6ter registret<\/h3>\n<p><a href=\"https:\/\/betta.fi\/\">Betta Digital Oy<\/a><br \/>\nSlottsgatan 61, 20100 \u00c5bo<br \/>\n050 327 0706<\/p>\n<h3>3. Registrets namn<\/h3>\n<p>J\u00e4tevesiliike Vestelli Ab:s kundregister<\/p>\n<h3>4. Syftet med behandlingen av personuppgifter<\/h3>\n<p>Registret anv\u00e4nds vid behov och med kundens samtycke till f\u00f6ljande \u00e4ndam\u00e5l:<\/p>\n<ul>\n<li>hantering av kundrelationen<\/li>\n<li>kund- och direktreklam<\/li>\n<li>opinionsunders\u00f6kningar<\/li>\n<\/ul>\n<p>Kunden har r\u00e4tt att s\u00e4rskilt f\u00f6rbjuda utl\u00e4mnande och behandling av sina uppgifter f\u00f6r de \u00e4ndam\u00e5l som detta register anv\u00e4nds f\u00f6r.<\/p>\n<h3>5. Beskrivning av registerf\u00f6rda personer och registrets datainneh\u00e5ll<\/h3>\n<p>Registret inneh\u00e5ll:<\/p>\n<ul>\n<li>namn<\/li>\n<li>e-postadress<\/li>\n<li>telefonnummer<\/li>\n<li>registreringstidpunkt<\/li>\n<li>meddelanden<\/li>\n<li>kalenderanteckningar om samtalstidpunkter<\/li>\n<li>kundens eventuella f\u00f6rbud mot utl\u00e4mnande och behandling av kundens uppgifter f\u00f6r direktreklam, distansf\u00f6rs\u00e4ljning och annan direktmarknadsf\u00f6ring<\/li>\n<\/ul>\n<h3>6. Regelm\u00e4ssiga uppgiftsk\u00e4llor och uppgifternas riktighet<\/h3>\n<p>Uppgifterna i detta register h\u00e4mtas n\u00e4r kunden l\u00e4mnar sina kontaktuppgifter p\u00e5 adressen: https:\/\/vestelli.fi. Kunden har m\u00f6jlighet att f\u00e5 sina registrerade uppgifter raderade.<\/p>\n<h3>7. Regelm\u00e4ssigt \u00f6verl\u00e5tande och \u00f6verf\u00f6rande av uppgifter utanf\u00f6r EU<\/h3>\n<p>Registerf\u00f6raren \u00f6verl\u00e5ter inte kundernas uppgifter till utomst\u00e5ende, och personuppgifter \u00f6verf\u00e5rs inte utanf\u00f6r EU<\/p>\n<h3>8. Radering av uppgifter<\/h3>\n<p>Kundens uppgifter kan raderas p\u00e5 kundens beg\u00e4ran. Dessutom har J\u00e4tevesiliike Vestelli Ab r\u00e4tt att radera uppgifter som en del av sin egen \u00f6vervakning<\/p>\n<h3>9. Principerna f\u00f6r registerskydd<\/h3>\n<p>Personuppgifterna f\u00f6rvaras konfidentiellt och endast beh\u00f6riga personer har tillg\u00e5ng till dem. Manuellt inh\u00e4mtade uppgifter \u00f6verf\u00f6rs via en krypterad uppkoppling till en digital kunddatabas.<\/p>\n<p>Den digitala kunddatabasen skyddas med brandv\u00e4gg.<\/p>\n","protected":false},"excerpt":{"rendered":"<p>REGISTERUTDRAG ENLIGT 10 \u00a7 PERSONUPPGIFTSLAGEN (523\/1999) 1. Registerf\u00f6rare J\u00e4tevesiliike\u00a0Vestelli\u00a0Ab Aleksanterinkatu\u00a029\u00a0A\u00a07 33100\u00a0Tammerfors 010\u00a0232\u00a07220 2. F\u00f6retag som sk\u00f6ter registret Betta Digital Oy Slottsgatan 61, 20100 \u00c5bo 050 327 0706 3. Registrets namn J\u00e4tevesiliike Vestelli Ab:s kundregister 4. Syftet med behandlingen av personuppgifter Registret anv\u00e4nds vid behov och med kundens samtycke till f\u00f6ljande \u00e4ndam\u00e5l: hantering av kundrelationen kund- [&hellip;]<\/p>\n","protected":false},"author":3,"featured_media":0,"parent":0,"menu_order":0,"comment_status":"closed","ping_status":"closed","template":"","meta":{"_acf_changed":false,"footnotes":""},"class_list":["post-726","page","type-page","status-publish","hentry"],"acf":[],"yoast_head":"<!-- This site is optimized with the Yoast SEO plugin v27.4 - https:\/\/yoast.com\/product\/yoast-seo-wordpress\/ -->\n<title>Dataskyddsbeskrivning | Vestelli.fi<\/title>\n<meta name=\"robots\" content=\"index, follow, max-snippet:-1, max-image-preview:large, max-video-preview:-1\" \/>\n<link rel=\"canonical\" href=\"https:\/\/www.vestelli.fi\/sv\/dataskyddsbeskrivning\/\" \/>\n<meta property=\"og:locale\" content=\"sv_SE\" \/>\n<meta property=\"og:type\" content=\"article\" \/>\n<meta property=\"og:title\" content=\"Dataskyddsbeskrivning | Vestelli.fi\" \/>\n<meta property=\"og:description\" content=\"REGISTERUTDRAG ENLIGT 10 \u00a7 PERSONUPPGIFTSLAGEN (523\/1999) 1. Registerf\u00f6rare J\u00e4tevesiliike\u00a0Vestelli\u00a0Ab Aleksanterinkatu\u00a029\u00a0A\u00a07 33100\u00a0Tammerfors 010\u00a0232\u00a07220 2. F\u00f6retag som sk\u00f6ter registret Betta Digital Oy Slottsgatan 61, 20100 \u00c5bo 050 327 0706 3. Registrets namn J\u00e4tevesiliike Vestelli Ab:s kundregister 4. Syftet med behandlingen av personuppgifter Registret anv\u00e4nds vid behov och med kundens samtycke till f\u00f6ljande \u00e4ndam\u00e5l: hantering av kundrelationen kund- [&hellip;]\" \/>\n<meta property=\"og:url\" content=\"https:\/\/www.vestelli.fi\/sv\/dataskyddsbeskrivning\/\" \/>\n<meta property=\"og:site_name\" content=\"Vestelli.fi\" \/>\n<meta property=\"article:modified_time\" content=\"2018-04-25T11:57:34+00:00\" \/>\n<meta name=\"twitter:card\" content=\"summary_large_image\" \/>\n<meta name=\"twitter:label1\" content=\"Ber\u00e4knad l\u00e4stid\" \/>\n\t<meta name=\"twitter:data1\" content=\"1 minut\" \/>\n<script type=\"application\/ld+json\" class=\"yoast-schema-graph\">{\"@context\":\"https:\\\/\\\/schema.org\",\"@graph\":[{\"@type\":\"WebPage\",\"@id\":\"https:\\\/\\\/www.vestelli.fi\\\/sv\\\/dataskyddsbeskrivning\\\/\",\"url\":\"https:\\\/\\\/www.vestelli.fi\\\/sv\\\/dataskyddsbeskrivning\\\/\",\"name\":\"Dataskyddsbeskrivning | Vestelli.fi\",\"isPartOf\":{\"@id\":\"https:\\\/\\\/www.vestelli.fi\\\/#website\"},\"datePublished\":\"2018-03-21T12:08:05+00:00\",\"dateModified\":\"2018-04-25T11:57:34+00:00\",\"breadcrumb\":{\"@id\":\"https:\\\/\\\/www.vestelli.fi\\\/sv\\\/dataskyddsbeskrivning\\\/#breadcrumb\"},\"inLanguage\":\"sv-SE\",\"potentialAction\":[{\"@type\":\"ReadAction\",\"target\":[\"https:\\\/\\\/www.vestelli.fi\\\/sv\\\/dataskyddsbeskrivning\\\/\"]}]},{\"@type\":\"BreadcrumbList\",\"@id\":\"https:\\\/\\\/www.vestelli.fi\\\/sv\\\/dataskyddsbeskrivning\\\/#breadcrumb\",\"itemListElement\":[{\"@type\":\"ListItem\",\"position\":1,\"name\":\"Home\",\"item\":\"https:\\\/\\\/www.vestelli.fi\\\/sv\\\/\"},{\"@type\":\"ListItem\",\"position\":2,\"name\":\"Dataskyddsbeskrivning\"}]},{\"@type\":\"WebSite\",\"@id\":\"https:\\\/\\\/www.vestelli.fi\\\/#website\",\"url\":\"https:\\\/\\\/www.vestelli.fi\\\/\",\"name\":\"Vestelli.fi\",\"description\":\"Puhtaiden vesien puolesta \u2013 tehokkaat j\u00e4tevesij\u00e4rjestelm\u00e4t\",\"publisher\":{\"@id\":\"https:\\\/\\\/www.vestelli.fi\\\/#organization\"},\"potentialAction\":[{\"@type\":\"SearchAction\",\"target\":{\"@type\":\"EntryPoint\",\"urlTemplate\":\"https:\\\/\\\/www.vestelli.fi\\\/?s={search_term_string}\"},\"query-input\":{\"@type\":\"PropertyValueSpecification\",\"valueRequired\":true,\"valueName\":\"search_term_string\"}}],\"inLanguage\":\"sv-SE\"},{\"@type\":\"Organization\",\"@id\":\"https:\\\/\\\/www.vestelli.fi\\\/#organization\",\"name\":\"Vestelli Oy\",\"url\":\"https:\\\/\\\/www.vestelli.fi\\\/\",\"logo\":{\"@type\":\"ImageObject\",\"inLanguage\":\"sv-SE\",\"@id\":\"https:\\\/\\\/www.vestelli.fi\\\/#\\\/schema\\\/logo\\\/image\\\/\",\"url\":\"https:\\\/\\\/www.vestelli.fi\\\/wp-content\\\/uploads\\\/2018\\\/05\\\/vestelli_logo-e1577697076704.png\",\"contentUrl\":\"https:\\\/\\\/www.vestelli.fi\\\/wp-content\\\/uploads\\\/2018\\\/05\\\/vestelli_logo-e1577697076704.png\",\"width\":200,\"height\":72,\"caption\":\"Vestelli Oy\"},\"image\":{\"@id\":\"https:\\\/\\\/www.vestelli.fi\\\/#\\\/schema\\\/logo\\\/image\\\/\"}}]}<\/script>\n<!-- \/ Yoast SEO plugin. -->","yoast_head_json":{"title":"Dataskyddsbeskrivning | Vestelli.fi","robots":{"index":"index","follow":"follow","max-snippet":"max-snippet:-1","max-image-preview":"max-image-preview:large","max-video-preview":"max-video-preview:-1"},"canonical":"https:\/\/www.vestelli.fi\/sv\/dataskyddsbeskrivning\/","og_locale":"sv_SE","og_type":"article","og_title":"Dataskyddsbeskrivning | Vestelli.fi","og_description":"REGISTERUTDRAG ENLIGT 10 \u00a7 PERSONUPPGIFTSLAGEN (523\/1999) 1. Registerf\u00f6rare J\u00e4tevesiliike\u00a0Vestelli\u00a0Ab Aleksanterinkatu\u00a029\u00a0A\u00a07 33100\u00a0Tammerfors 010\u00a0232\u00a07220 2. F\u00f6retag som sk\u00f6ter registret Betta Digital Oy Slottsgatan 61, 20100 \u00c5bo 050 327 0706 3. Registrets namn J\u00e4tevesiliike Vestelli Ab:s kundregister 4. Syftet med behandlingen av personuppgifter Registret anv\u00e4nds vid behov och med kundens samtycke till f\u00f6ljande \u00e4ndam\u00e5l: hantering av kundrelationen kund- [&hellip;]","og_url":"https:\/\/www.vestelli.fi\/sv\/dataskyddsbeskrivning\/","og_site_name":"Vestelli.fi","article_modified_time":"2018-04-25T11:57:34+00:00","twitter_card":"summary_large_image","twitter_misc":{"Ber\u00e4knad l\u00e4stid":"1 minut"},"schema":{"@context":"https:\/\/schema.org","@graph":[{"@type":"WebPage","@id":"https:\/\/www.vestelli.fi\/sv\/dataskyddsbeskrivning\/","url":"https:\/\/www.vestelli.fi\/sv\/dataskyddsbeskrivning\/","name":"Dataskyddsbeskrivning | Vestelli.fi","isPartOf":{"@id":"https:\/\/www.vestelli.fi\/#website"},"datePublished":"2018-03-21T12:08:05+00:00","dateModified":"2018-04-25T11:57:34+00:00","breadcrumb":{"@id":"https:\/\/www.vestelli.fi\/sv\/dataskyddsbeskrivning\/#breadcrumb"},"inLanguage":"sv-SE","potentialAction":[{"@type":"ReadAction","target":["https:\/\/www.vestelli.fi\/sv\/dataskyddsbeskrivning\/"]}]},{"@type":"BreadcrumbList","@id":"https:\/\/www.vestelli.fi\/sv\/dataskyddsbeskrivning\/#breadcrumb","itemListElement":[{"@type":"ListItem","position":1,"name":"Home","item":"https:\/\/www.vestelli.fi\/sv\/"},{"@type":"ListItem","position":2,"name":"Dataskyddsbeskrivning"}]},{"@type":"WebSite","@id":"https:\/\/www.vestelli.fi\/#website","url":"https:\/\/www.vestelli.fi\/","name":"Vestelli.fi","description":"Puhtaiden vesien puolesta \u2013 tehokkaat j\u00e4tevesij\u00e4rjestelm\u00e4t","publisher":{"@id":"https:\/\/www.vestelli.fi\/#organization"},"potentialAction":[{"@type":"SearchAction","target":{"@type":"EntryPoint","urlTemplate":"https:\/\/www.vestelli.fi\/?s={search_term_string}"},"query-input":{"@type":"PropertyValueSpecification","valueRequired":true,"valueName":"search_term_string"}}],"inLanguage":"sv-SE"},{"@type":"Organization","@id":"https:\/\/www.vestelli.fi\/#organization","name":"Vestelli Oy","url":"https:\/\/www.vestelli.fi\/","logo":{"@type":"ImageObject","inLanguage":"sv-SE","@id":"https:\/\/www.vestelli.fi\/#\/schema\/logo\/image\/","url":"https:\/\/www.vestelli.fi\/wp-content\/uploads\/2018\/05\/vestelli_logo-e1577697076704.png","contentUrl":"https:\/\/www.vestelli.fi\/wp-content\/uploads\/2018\/05\/vestelli_logo-e1577697076704.png","width":200,"height":72,"caption":"Vestelli Oy"},"image":{"@id":"https:\/\/www.vestelli.fi\/#\/schema\/logo\/image\/"}}]}},"_links":{"self":[{"href":"https:\/\/www.vestelli.fi\/sv\/wp-json\/wp\/v2\/pages\/726","targetHints":{"allow":["GET"]}}],"collection":[{"href":"https:\/\/www.vestelli.fi\/sv\/wp-json\/wp\/v2\/pages"}],"about":[{"href":"https:\/\/www.vestelli.fi\/sv\/wp-json\/wp\/v2\/types\/page"}],"author":[{"embeddable":true,"href":"https:\/\/www.vestelli.fi\/sv\/wp-json\/wp\/v2\/users\/3"}],"replies":[{"embeddable":true,"href":"https:\/\/www.vestelli.fi\/sv\/wp-json\/wp\/v2\/comments?post=726"}],"version-history":[{"count":4,"href":"https:\/\/www.vestelli.fi\/sv\/wp-json\/wp\/v2\/pages\/726\/revisions"}],"predecessor-version":[{"id":958,"href":"https:\/\/www.vestelli.fi\/sv\/wp-json\/wp\/v2\/pages\/726\/revisions\/958"}],"wp:attachment":[{"href":"https:\/\/www.vestelli.fi\/sv\/wp-json\/wp\/v2\/media?parent=726"}],"curies":[{"name":"wp","href":"https:\/\/api.w.org\/{rel}","templated":true}]}}