{"id":734,"date":"2018-03-21T14:13:27","date_gmt":"2018-03-21T12:13:27","guid":{"rendered":"https:\/\/www.vestelli.fi\/?page_id=734"},"modified":"2018-04-25T14:47:07","modified_gmt":"2018-04-25T11:47:07","slug":"cookies","status":"publish","type":"page","link":"https:\/\/www.vestelli.fi\/sv\/cookies\/","title":{"rendered":"Kakor"},"content":{"rendered":"<p><span lang=\"SV\">F\u00f6r att kunna erbjuda v\u00e5ra anv\u00e4ndare b\u00e4sta m\u00f6jliga anv\u00e4ndarupplevelse p\u00e5 v\u00e5r webbsida m\u00e5ste vi anv\u00e4nda oss av kakor. Genom att forts\u00e4tta anv\u00e4nda v\u00e5r webbsida godk\u00e4nner du anv\u00e4ndning av kakor. Vi kan med hj\u00e4lp av kakor samla in information om enheten som webbsidans bes\u00f6kare anv\u00e4nder.<\/span><\/p>\n<p><span lang=\"SV\">Vi kan med hj\u00e4lp av kakor f\u00f6rb\u00e4ttra funktionen hos v\u00e5r webbsida och v\u00e5ra digitala tj\u00e4nster. Vi f\u00e5r med hj\u00e4lp av kakor information om vilka sidor p\u00e5 v\u00e5r webbsida som \u00e4r popul\u00e4rast och hur bes\u00f6karna uppf\u00f6r sig p\u00e5 v\u00e5r webbsida. Vi kan med hj\u00e4lp av kakor f\u00f6ra statistik \u00f6ver antalet bes\u00f6kare och unders\u00f6ka hur v\u00e4l v\u00e5r marknadsf\u00f6ring fungerar.<\/span><\/p>\n<p><span lang=\"SV\">Anv\u00e4ndare kan vid behov radera sparade kakor i webbl\u00e4sarinst\u00e4llningarna. D\u00e5 raderas informationen som samlats in med hj\u00e4lp av kakor.<\/span><\/p>\n","protected":false},"excerpt":{"rendered":"<p>F\u00f6r att kunna erbjuda v\u00e5ra anv\u00e4ndare b\u00e4sta m\u00f6jliga anv\u00e4ndarupplevelse p\u00e5 v\u00e5r webbsida m\u00e5ste vi anv\u00e4nda oss av kakor. Genom att forts\u00e4tta anv\u00e4nda v\u00e5r webbsida godk\u00e4nner du anv\u00e4ndning av kakor. Vi kan med hj\u00e4lp av kakor samla in information om enheten som webbsidans bes\u00f6kare anv\u00e4nder. Vi kan med hj\u00e4lp av kakor f\u00f6rb\u00e4ttra funktionen hos v\u00e5r webbsida [&hellip;]<\/p>\n","protected":false},"author":3,"featured_media":0,"parent":0,"menu_order":98,"comment_status":"closed","ping_status":"closed","template":"","meta":{"_acf_changed":false,"footnotes":""},"class_list":["post-734","page","type-page","status-publish","hentry"],"acf":[],"yoast_head":"<!-- This site is optimized with the Yoast SEO plugin v27.4 - https:\/\/yoast.com\/product\/yoast-seo-wordpress\/ -->\n<title>Kakor | Vestelli.fi<\/title>\n<meta name=\"robots\" content=\"index, follow, max-snippet:-1, max-image-preview:large, max-video-preview:-1\" \/>\n<link rel=\"canonical\" href=\"https:\/\/www.vestelli.fi\/sv\/cookies\/\" \/>\n<meta property=\"og:locale\" content=\"sv_SE\" \/>\n<meta property=\"og:type\" content=\"article\" \/>\n<meta property=\"og:title\" content=\"Kakor | Vestelli.fi\" \/>\n<meta property=\"og:description\" content=\"F\u00f6r att kunna erbjuda v\u00e5ra anv\u00e4ndare b\u00e4sta m\u00f6jliga anv\u00e4ndarupplevelse p\u00e5 v\u00e5r webbsida m\u00e5ste vi anv\u00e4nda oss av kakor. Genom att forts\u00e4tta anv\u00e4nda v\u00e5r webbsida godk\u00e4nner du anv\u00e4ndning av kakor. Vi kan med hj\u00e4lp av kakor samla in information om enheten som webbsidans bes\u00f6kare anv\u00e4nder. Vi kan med hj\u00e4lp av kakor f\u00f6rb\u00e4ttra funktionen hos v\u00e5r webbsida [&hellip;]\" \/>\n<meta property=\"og:url\" content=\"https:\/\/www.vestelli.fi\/sv\/cookies\/\" \/>\n<meta property=\"og:site_name\" content=\"Vestelli.fi\" \/>\n<meta property=\"article:modified_time\" content=\"2018-04-25T11:47:07+00:00\" \/>\n<meta name=\"twitter:card\" content=\"summary_large_image\" \/>\n<meta name=\"twitter:label1\" content=\"Ber\u00e4knad l\u00e4stid\" \/>\n\t<meta name=\"twitter:data1\" content=\"1 minut\" \/>\n<script type=\"application\/ld+json\" class=\"yoast-schema-graph\">{\"@context\":\"https:\\\/\\\/schema.org\",\"@graph\":[{\"@type\":\"WebPage\",\"@id\":\"https:\\\/\\\/www.vestelli.fi\\\/sv\\\/cookies\\\/\",\"url\":\"https:\\\/\\\/www.vestelli.fi\\\/sv\\\/cookies\\\/\",\"name\":\"Kakor | Vestelli.fi\",\"isPartOf\":{\"@id\":\"https:\\\/\\\/www.vestelli.fi\\\/#website\"},\"datePublished\":\"2018-03-21T12:13:27+00:00\",\"dateModified\":\"2018-04-25T11:47:07+00:00\",\"breadcrumb\":{\"@id\":\"https:\\\/\\\/www.vestelli.fi\\\/sv\\\/cookies\\\/#breadcrumb\"},\"inLanguage\":\"sv-SE\",\"potentialAction\":[{\"@type\":\"ReadAction\",\"target\":[\"https:\\\/\\\/www.vestelli.fi\\\/sv\\\/cookies\\\/\"]}]},{\"@type\":\"BreadcrumbList\",\"@id\":\"https:\\\/\\\/www.vestelli.fi\\\/sv\\\/cookies\\\/#breadcrumb\",\"itemListElement\":[{\"@type\":\"ListItem\",\"position\":1,\"name\":\"Home\",\"item\":\"https:\\\/\\\/www.vestelli.fi\\\/sv\\\/\"},{\"@type\":\"ListItem\",\"position\":2,\"name\":\"Kakor\"}]},{\"@type\":\"WebSite\",\"@id\":\"https:\\\/\\\/www.vestelli.fi\\\/#website\",\"url\":\"https:\\\/\\\/www.vestelli.fi\\\/\",\"name\":\"Vestelli.fi\",\"description\":\"Puhtaiden vesien puolesta \u2013 tehokkaat j\u00e4tevesij\u00e4rjestelm\u00e4t\",\"publisher\":{\"@id\":\"https:\\\/\\\/www.vestelli.fi\\\/#organization\"},\"potentialAction\":[{\"@type\":\"SearchAction\",\"target\":{\"@type\":\"EntryPoint\",\"urlTemplate\":\"https:\\\/\\\/www.vestelli.fi\\\/?s={search_term_string}\"},\"query-input\":{\"@type\":\"PropertyValueSpecification\",\"valueRequired\":true,\"valueName\":\"search_term_string\"}}],\"inLanguage\":\"sv-SE\"},{\"@type\":\"Organization\",\"@id\":\"https:\\\/\\\/www.vestelli.fi\\\/#organization\",\"name\":\"Vestelli Oy\",\"url\":\"https:\\\/\\\/www.vestelli.fi\\\/\",\"logo\":{\"@type\":\"ImageObject\",\"inLanguage\":\"sv-SE\",\"@id\":\"https:\\\/\\\/www.vestelli.fi\\\/#\\\/schema\\\/logo\\\/image\\\/\",\"url\":\"https:\\\/\\\/www.vestelli.fi\\\/wp-content\\\/uploads\\\/2018\\\/05\\\/vestelli_logo-e1577697076704.png\",\"contentUrl\":\"https:\\\/\\\/www.vestelli.fi\\\/wp-content\\\/uploads\\\/2018\\\/05\\\/vestelli_logo-e1577697076704.png\",\"width\":200,\"height\":72,\"caption\":\"Vestelli Oy\"},\"image\":{\"@id\":\"https:\\\/\\\/www.vestelli.fi\\\/#\\\/schema\\\/logo\\\/image\\\/\"}}]}<\/script>\n<!-- \/ Yoast SEO plugin. -->","yoast_head_json":{"title":"Kakor | Vestelli.fi","robots":{"index":"index","follow":"follow","max-snippet":"max-snippet:-1","max-image-preview":"max-image-preview:large","max-video-preview":"max-video-preview:-1"},"canonical":"https:\/\/www.vestelli.fi\/sv\/cookies\/","og_locale":"sv_SE","og_type":"article","og_title":"Kakor | Vestelli.fi","og_description":"F\u00f6r att kunna erbjuda v\u00e5ra anv\u00e4ndare b\u00e4sta m\u00f6jliga anv\u00e4ndarupplevelse p\u00e5 v\u00e5r webbsida m\u00e5ste vi anv\u00e4nda oss av kakor. Genom att forts\u00e4tta anv\u00e4nda v\u00e5r webbsida godk\u00e4nner du anv\u00e4ndning av kakor. Vi kan med hj\u00e4lp av kakor samla in information om enheten som webbsidans bes\u00f6kare anv\u00e4nder. Vi kan med hj\u00e4lp av kakor f\u00f6rb\u00e4ttra funktionen hos v\u00e5r webbsida [&hellip;]","og_url":"https:\/\/www.vestelli.fi\/sv\/cookies\/","og_site_name":"Vestelli.fi","article_modified_time":"2018-04-25T11:47:07+00:00","twitter_card":"summary_large_image","twitter_misc":{"Ber\u00e4knad l\u00e4stid":"1 minut"},"schema":{"@context":"https:\/\/schema.org","@graph":[{"@type":"WebPage","@id":"https:\/\/www.vestelli.fi\/sv\/cookies\/","url":"https:\/\/www.vestelli.fi\/sv\/cookies\/","name":"Kakor | Vestelli.fi","isPartOf":{"@id":"https:\/\/www.vestelli.fi\/#website"},"datePublished":"2018-03-21T12:13:27+00:00","dateModified":"2018-04-25T11:47:07+00:00","breadcrumb":{"@id":"https:\/\/www.vestelli.fi\/sv\/cookies\/#breadcrumb"},"inLanguage":"sv-SE","potentialAction":[{"@type":"ReadAction","target":["https:\/\/www.vestelli.fi\/sv\/cookies\/"]}]},{"@type":"BreadcrumbList","@id":"https:\/\/www.vestelli.fi\/sv\/cookies\/#breadcrumb","itemListElement":[{"@type":"ListItem","position":1,"name":"Home","item":"https:\/\/www.vestelli.fi\/sv\/"},{"@type":"ListItem","position":2,"name":"Kakor"}]},{"@type":"WebSite","@id":"https:\/\/www.vestelli.fi\/#website","url":"https:\/\/www.vestelli.fi\/","name":"Vestelli.fi","description":"Puhtaiden vesien puolesta \u2013 tehokkaat j\u00e4tevesij\u00e4rjestelm\u00e4t","publisher":{"@id":"https:\/\/www.vestelli.fi\/#organization"},"potentialAction":[{"@type":"SearchAction","target":{"@type":"EntryPoint","urlTemplate":"https:\/\/www.vestelli.fi\/?s={search_term_string}"},"query-input":{"@type":"PropertyValueSpecification","valueRequired":true,"valueName":"search_term_string"}}],"inLanguage":"sv-SE"},{"@type":"Organization","@id":"https:\/\/www.vestelli.fi\/#organization","name":"Vestelli Oy","url":"https:\/\/www.vestelli.fi\/","logo":{"@type":"ImageObject","inLanguage":"sv-SE","@id":"https:\/\/www.vestelli.fi\/#\/schema\/logo\/image\/","url":"https:\/\/www.vestelli.fi\/wp-content\/uploads\/2018\/05\/vestelli_logo-e1577697076704.png","contentUrl":"https:\/\/www.vestelli.fi\/wp-content\/uploads\/2018\/05\/vestelli_logo-e1577697076704.png","width":200,"height":72,"caption":"Vestelli Oy"},"image":{"@id":"https:\/\/www.vestelli.fi\/#\/schema\/logo\/image\/"}}]}},"_links":{"self":[{"href":"https:\/\/www.vestelli.fi\/sv\/wp-json\/wp\/v2\/pages\/734","targetHints":{"allow":["GET"]}}],"collection":[{"href":"https:\/\/www.vestelli.fi\/sv\/wp-json\/wp\/v2\/pages"}],"about":[{"href":"https:\/\/www.vestelli.fi\/sv\/wp-json\/wp\/v2\/types\/page"}],"author":[{"embeddable":true,"href":"https:\/\/www.vestelli.fi\/sv\/wp-json\/wp\/v2\/users\/3"}],"replies":[{"embeddable":true,"href":"https:\/\/www.vestelli.fi\/sv\/wp-json\/wp\/v2\/comments?post=734"}],"version-history":[{"count":2,"href":"https:\/\/www.vestelli.fi\/sv\/wp-json\/wp\/v2\/pages\/734\/revisions"}],"predecessor-version":[{"id":954,"href":"https:\/\/www.vestelli.fi\/sv\/wp-json\/wp\/v2\/pages\/734\/revisions\/954"}],"wp:attachment":[{"href":"https:\/\/www.vestelli.fi\/sv\/wp-json\/wp\/v2\/media?parent=734"}],"curies":[{"name":"wp","href":"https:\/\/api.w.org\/{rel}","templated":true}]}}